{"id":2486,"date":"2018-11-28T08:41:23","date_gmt":"2018-11-28T01:41:23","guid":{"rendered":"http:\/\/baobipps.com\/?post_type=product&#038;p=2486"},"modified":"2018-12-07T09:40:12","modified_gmt":"2018-12-07T02:40:12","slug":"san-phamtui-nhua-pvc-co-moc-treo-1302","status":"publish","type":"product","link":"https:\/\/baobi.themedep.top\/?product=san-phamtui-nhua-pvc-co-moc-treo-1302","title":{"rendered":"T\u00daI NH\u1ef0A PVC C\u00d3 M\u00d3C TREO 1302"},"content":{"rendered":"<h2>T\u00daI NH\u1ef0A PVC C\u00d3 M\u00d3C TREO 1302<\/h2>\n<p>\u0110\u00e2y l\u00e0 1 s\u1ea3n ph\u1ea9m t\u00fai 2D, t\u00fai nh\u1ef1a PVC c\u00f3 m\u00f3c treo th\u01b0\u1eddng d\u00f9ng \u0111\u1ec3 \u0111\u1ef1ng c\u00e1c s\u1ea3n ph\u1ea9m trong ng\u00e0nh may m\u1eb7c.<\/p>\n<table style=\"height: 216px;\" width=\"548\">\n<tbody>\n<tr style=\"height: 29.875px;\">\n<td style=\"width: 264px; height: 29.875px;\"><strong>1. s\u1ea3n ph\u1ea9m<\/strong><\/td>\n<td style=\"width: 268px; height: 29.875px;\">\u00a0T\u00daI NH\u1ef0A PVC C\u00d3 M\u00d3C TREO<\/td>\n<\/tr>\n<tr style=\"height: 29px;\">\n<td style=\"width: 264px; height: 29px;\"><strong>2.\u00a0M\u00e3 s\u1ea3n ph\u1ea9m<\/strong><\/td>\n<td style=\"width: 268px; height: 29px;\">1302<\/td>\n<\/tr>\n<tr style=\"height: 29px;\">\n<td style=\"width: 264px; height: 29px;\"><strong>3.\u00a0Nguy\u00ean li\u1ec7u<\/strong><\/td>\n<td style=\"width: 268px; height: 29px;\">nh\u1ef1a PVC<\/td>\n<\/tr>\n<tr style=\"height: 29px;\">\n<td style=\"width: 264px; height: 29px;\"><strong>4.\u00a0K\u00edch th\u01b0\u1edbc<\/strong><\/td>\n<td style=\"width: 268px; height: 29px;\"><\/td>\n<\/tr>\n<tr style=\"height: 30px;\">\n<td style=\"width: 264px; height: 30px;\"><strong>5.\u00a0Quy c\u00e1ch \u0111\u00f3ng g\u00f3i<\/strong><\/td>\n<td style=\"width: 268px; height: 30px;\">300\u00a0chi\u1ebfc\/th\u00f9ng<\/td>\n<\/tr>\n<tr style=\"height: 30px;\">\n<td style=\"width: 264px; height: 30px;\"><strong>6. Kh\u1ed1i l\u01b0\u1ee3ng<\/strong><\/td>\n<td style=\"width: 268px; height: 30px;\">30g\/t\u00fai<\/td>\n<\/tr>\n<\/tbody>\n<\/table>\n<h3><strong>\u0110\u1eb6C \u0110I\u1ec2M S\u1ea2N PH\u1ea8M:<\/strong><\/h3>\n<ul>\n<li>S\u1ea3n ph\u1ea9m \u0111\u01b0\u1ee3c s\u1ea3n xu\u1ea5t tr\u00ean d\u00e2y chuy\u1ec1n hi\u1ec7n \u0111\u1ea1i, b\u1edfi nh\u1eefng c\u00f4ng nh\u00e2n c\u00f3 tay ngh\u1ec1 cao.<\/li>\n<li>K\u1ebft c\u1ea5u b\u1ec1n, ch\u1ecbu \u0111\u01b0\u1ee3c tr\u1ecdng l\u01b0\u1ee3ng t\u1ed1i \u0111a 2kg<\/li>\n<li>Ch\u1ea5t li\u1ec7u nh\u1ef1a cao c\u1ea5p, \u0111\u1ea1t ti\u00eau chu\u1ea9n v\u00e0o c\u00e1c th\u1ecb tr\u01b0\u1eddng kh\u00f3 t\u00ednh nh\u01b0 Nh\u1eadt B\u1ea3n, Hoa K\u1ef3\u2026<\/li>\n<li>H\u1ed7 tr\u1ee3 giao h\u00e0ng trong b\u00e1n k\u00ednh 30km<\/li>\n<li>H\u00ecnh in b\u1ec1n m\u00e0u, ko phai, m\u1ef1c in ch\u1ea5t l\u01b0\u1ee3ng cao<\/li>\n<\/ul>\n<h3><strong>C\u00c1CH TH\u1ee8C MUA H\u00c0NG<\/strong><\/h3>\n<ul>\n<li><strong><em>B\u01b0\u1edbc 1:\u00a0<\/em><\/strong><em>Li\u00ean h\u1ec7 v\u1edbi b\u1ed9 ph\u1eadn sale \u0111\u1ec3 l\u1ea5y b\u00e1o gi\u00e1<\/em><\/li>\n<li><strong><em>B\u01b0\u1edbc 2:\u00a0<\/em><\/strong><em>Ch\u1ed1t b\u00e1o gi\u00e1, g\u1eedi \u0111\u01a1n h\u00e0ng mua cho PPS<\/em><\/li>\n<li><strong><em>B\u01b0\u1edbc 3:\u00a0<\/em><\/strong><em>\u0110\u1eb7t c\u1ecdc theo h\u1ee3p \u0111\u1ed3ng<\/em><\/li>\n<li><strong><em>B\u01b0\u1edbc 4:\u00a0<\/em><\/strong><em>Nh\u1eadn h\u00e0ng v\u00e0 ch\u1ee9ng t\u1eeb theo l\u1ecbch h\u1eb9n<\/em><\/li>\n<li><strong><em>B\u01b0\u1edbc 5:\u00a0<\/em><\/strong><em>Thanh to\u00e1n ph\u1ea7n c\u00f2n l\u1ea1i.<\/em><\/li>\n<\/ul>\n<h3><strong>C\u00c2U H\u1eceI TH\u01af\u1edcNG G\u1eb6P:<\/strong><\/h3>\n<p><em><strong>1. S\u1ed1 l\u01b0\u1ee3ng t\u1ed1i thi\u1ec3u cho m\u1ed9t \u0111\u01a1n h\u00e0ng l\u00e0 bao nhi\u00eau?<\/strong><\/em><\/p>\n<p>5000 t\u00fai<\/p>\n<p><em><strong>2. Th\u1eddi gian s\u1ea3n xu\u1ea5t m\u1ed9t \u0111\u01a1n h\u00e0ng trong bao l\u00e2u?<\/strong><\/em><\/p>\n<p>T\u00f9y thu\u1ed9c v\u00e0o s\u1ed1 l\u01b0\u1ee3ng \u0111\u1eb7t h\u00e0ng c\u1ee7a qu\u00fd kh\u00e1ch. Th\u00f4ng th\u01b0\u1eddng, th\u1eddi gian s\u1ea3n xu\u1ea5t kho\u1ea3ng 20-30 ng\u00e0y l\u00e0m vi\u1ec7c, t\u00ednh t\u1eeb khi duy\u1ec7t m\u1eabu v\u00e0 \u0111\u1eb7t c\u1ecdc.<\/p>\n<p><em><strong>3. S\u1ea3n l\u01b0\u1ee3ng t\u1ed1i \u0111a m\u00e0 PPS c\u00f3 th\u1ec3 cung c\u1ea5p h\u00e0ng th\u00e1ng?<\/strong><\/em><\/p>\n<p>100 000 t\u00fai\/ th\u00e1ng<\/p>\n<p><em><strong>4. C\u00f3 th\u1ec3 in th\u00f4ng tin, thi\u1ebft k\u1ebf m\u1eabu m\u00e3 bao b\u00ec theo y\u00eau c\u1ea7u ri\u00eang kh\u00f4ng?<\/strong><\/em><\/p>\n<p>Ho\u00e0n to\u00e0n c\u00f3 th\u1ec3 \u0111\u01b0\u1ee3c, vui l\u00f2ng g\u1eedi l\u1ea1i th\u00f4ng tin mu\u1ed1n in, m\u1eabu thi\u1ebft k\u1ebf bao b\u00ec c\u1ee7a qu\u00fd kh\u00e1ch cho ch\u00fang t\u00f4i. Sau khi duy\u1ec7t m\u1eabu, ch\u00fang t\u00f4i s\u1ebd ti\u1ebfn h\u00e0nh s\u1ea3n xu\u1ea5t theo m\u1eabu m\u00e0 qu\u00fd kh\u00e1ch \u0111\u00e3 ch\u1ecdn .<\/p>\n<p><em><strong>5. Ph\u01b0\u01a1ng th\u1ee9c thanh to\u00e1n<\/strong><\/em><\/p>\n<p>Sau khi duy\u1ec7t m\u1eabu, k\u00fd k\u1ebft h\u1ee3p \u0111\u1ed3ng, qu\u00fd kh\u00e1ch \u0111\u1eb7t c\u1ecdc tr\u01b0\u1edbc 30% gi\u00e1 tr\u1ecb \u0111\u01a1n h\u00e0ng. Ph\u1ea7n c\u00f2n l\u1ea1i \u0111\u01b0\u1ee3c thanh to\u00e1n khi nh\u1eadn h\u00e0ng ho\u1eb7c theo th\u1ecfa thu\u1eadn gi\u1eefa 2 b\u00ean.<\/p>\n<h3><strong>Li\u00ean h\u1ec7 v\u1edbi ch\u00fang t\u00f4i:<\/strong><\/h3>\n<p>Email:\u00a0<a href=\"mailto:pps@pefso.com\">pps@pefso.com<\/a><\/p>\n<p>Hotline: +8424 2214 9898<\/p>\n<p>Website:\u00a0<a href=\"http:\/\/www.baobipps.com\">www.baobipps.com<\/a><\/p>\n<p><img loading=\"lazy\" decoding=\"async\" class=\"size-medium wp-image-2488 alignleft\" src=\"http:\/\/baobipps.com\/wp-content\/uploads\/2018\/11\/T\u00fai-PVC-c\u00f3-m\u00f3c-1302-300x300.jpg\" alt=\"\" width=\"300\" height=\"300\" srcset=\"https:\/\/baobi.themedep.top\/wp-content\/uploads\/2018\/11\/T\u00fai-PVC-c\u00f3-m\u00f3c-1302-300x300.jpg 300w, https:\/\/baobi.themedep.top\/wp-content\/uploads\/2018\/11\/T\u00fai-PVC-c\u00f3-m\u00f3c-1302-100x100.jpg 100w, https:\/\/baobi.themedep.top\/wp-content\/uploads\/2018\/11\/T\u00fai-PVC-c\u00f3-m\u00f3c-1302-600x600.jpg 600w, https:\/\/baobi.themedep.top\/wp-content\/uploads\/2018\/11\/T\u00fai-PVC-c\u00f3-m\u00f3c-1302-200x200.jpg 200w, https:\/\/baobi.themedep.top\/wp-content\/uploads\/2018\/11\/T\u00fai-PVC-c\u00f3-m\u00f3c-1302-768x768.jpg 768w, https:\/\/baobi.themedep.top\/wp-content\/uploads\/2018\/11\/T\u00fai-PVC-c\u00f3-m\u00f3c-1302.jpg 1000w\" sizes=\"(max-width: 300px) 100vw, 300px\" \/><a href=\"http:\/\/baobipps\/tui-nhua-pvc-co-moc-treo\"><img loading=\"lazy\" decoding=\"async\" class=\"size-medium wp-image-2491 alignleft\" src=\"http:\/\/baobipps.com\/wp-content\/uploads\/2018\/11\/1302_2-300x300.jpg\" alt=\"\" width=\"300\" height=\"300\" srcset=\"https:\/\/baobi.themedep.top\/wp-content\/uploads\/2018\/11\/1302_2-300x300.jpg 300w, https:\/\/baobi.themedep.top\/wp-content\/uploads\/2018\/11\/1302_2-100x100.jpg 100w, https:\/\/baobi.themedep.top\/wp-content\/uploads\/2018\/11\/1302_2-600x600.jpg 600w, https:\/\/baobi.themedep.top\/wp-content\/uploads\/2018\/11\/1302_2-200x200.jpg 200w, https:\/\/baobi.themedep.top\/wp-content\/uploads\/2018\/11\/1302_2-768x768.jpg 768w, https:\/\/baobi.themedep.top\/wp-content\/uploads\/2018\/11\/1302_2.jpg 1000w\" sizes=\"(max-width: 300px) 100vw, 300px\" \/><\/a><\/p>\n","protected":false},"excerpt":{"rendered":"<p>T\u00daI NH\u1ef0A PVC C\u00d3 M\u00d3C TREO 1302 \u0110\u00e2y l\u00e0 1 s\u1ea3n ph\u1ea9m t\u00fai 2D, t\u00fai nh\u1ef1a PVC c\u00f3 m\u00f3c treo th\u01b0\u1eddng d\u00f9ng \u0111\u1ec3 \u0111\u1ef1ng c\u00e1c s\u1ea3n ph\u1ea9m trong ng\u00e0nh may m\u1eb7c. 1. s\u1ea3n ph\u1ea9m \u00a0T\u00daI NH\u1ef0A PVC C\u00d3 M\u00d3C TREO 2.\u00a0M\u00e3 s\u1ea3n ph\u1ea9m 1302 3.\u00a0Nguy\u00ean li\u1ec7u nh\u1ef1a PVC 4.\u00a0K\u00edch th\u01b0\u1edbc 5.\u00a0Quy c\u00e1ch \u0111\u00f3ng g\u00f3i 300\u00a0chi\u1ebfc\/th\u00f9ng [&#8230;]\n","protected":false},"featured_media":2488,"comment_status":"open","ping_status":"closed","template":"","meta":[],"product_cat":[150,155,149],"product_tag":[180,178],"class_list":{"0":"post-2486","1":"product","2":"type-product","3":"status-publish","4":"has-post-thumbnail","6":"product_cat-bao-bi-may-mac","7":"product_cat-san-pham","8":"product_cat-san-pham-moi","9":"product_tag-baobimaymac","10":"product_tag-tuinhuapvc","12":"first","13":"instock","14":"featured","15":"shipping-taxable","16":"product-type-simple"},"_links":{"self":[{"href":"https:\/\/baobi.themedep.top\/index.php?rest_route=\/wp\/v2\/product\/2486"}],"collection":[{"href":"https:\/\/baobi.themedep.top\/index.php?rest_route=\/wp\/v2\/product"}],"about":[{"href":"https:\/\/baobi.themedep.top\/index.php?rest_route=\/wp\/v2\/types\/product"}],"replies":[{"embeddable":true,"href":"https:\/\/baobi.themedep.top\/index.php?rest_route=%2Fwp%2Fv2%2Fcomments&post=2486"}],"wp:featuredmedia":[{"embeddable":true,"href":"https:\/\/baobi.themedep.top\/index.php?rest_route=\/wp\/v2\/media\/2488"}],"wp:attachment":[{"href":"https:\/\/baobi.themedep.top\/index.php?rest_route=%2Fwp%2Fv2%2Fmedia&parent=2486"}],"wp:term":[{"taxonomy":"product_cat","embeddable":true,"href":"https:\/\/baobi.themedep.top\/index.php?rest_route=%2Fwp%2Fv2%2Fproduct_cat&post=2486"},{"taxonomy":"product_tag","embeddable":true,"href":"https:\/\/baobi.themedep.top\/index.php?rest_route=%2Fwp%2Fv2%2Fproduct_tag&post=2486"}],"curies":[{"name":"wp","href":"https:\/\/api.w.org\/{rel}","templated":true}]}}