{"id":2211,"date":"2017-03-02T18:03:30","date_gmt":"2017-03-02T11:03:30","guid":{"rendered":"http:\/\/baobipps.com\/san-pham\/tui-nhua-pvc-dung-ruou-3202\/"},"modified":"2018-12-14T14:42:36","modified_gmt":"2018-12-14T07:42:36","slug":"tui-nhua-pvc-dung-ruou-3202","status":"publish","type":"product","link":"https:\/\/baobi.themedep.top\/?product=tui-nhua-pvc-dung-ruou-3202","title":{"rendered":"T\u00daI NH\u1ef0A PVC \u0110\u1ef0NG R\u01af\u1ee2U &#8211; 3202"},"content":{"rendered":"<p>T\u00daI NH\u1ef0A PVC \u0110\u1ef0NG R\u01af\u1ee2U &#8211; 3202<\/p>\n<table style=\"height: 228px;\" width=\"579\">\n<tbody>\n<tr style=\"height: 28.875px;\">\n<td style=\"width: 276px; height: 28.875px;\"><strong>1.\u00a0T\u00ean s\u1ea3n ph\u1ea9m<\/strong><\/td>\n<td style=\"width: 287px; height: 28.875px;\">T\u00daI NH\u1ef0A PVC \u0110\u1ef0NG R\u01af\u1ee2U<\/td>\n<\/tr>\n<tr style=\"height: 29px;\">\n<td style=\"width: 276px; height: 29px;\"><strong>2.\u00a0M\u00e3 s\u1ea3n ph\u1ea9m<\/strong><\/td>\n<td style=\"width: 287px; height: 29px;\">\u00a03202<\/td>\n<\/tr>\n<tr style=\"height: 29px;\">\n<td style=\"width: 276px; height: 29px;\"><strong>3.\u00a0Nguy\u00ean li\u1ec7u<\/strong><\/td>\n<td style=\"width: 287px; height: 29px;\">nh\u1ef1a PVC<\/td>\n<\/tr>\n<tr style=\"height: 29px;\">\n<td style=\"width: 276px; height: 29px;\"><strong>4.\u00a0K\u00edch th\u01b0\u1edbc<\/strong><\/td>\n<td style=\"width: 287px; height: 29px;\"><\/td>\n<\/tr>\n<tr style=\"height: 30px;\">\n<td style=\"width: 276px; height: 30px;\"><strong>5.\u00a0Quy c\u00e1ch \u0111\u00f3ng g\u00f3i<\/strong><\/td>\n<td style=\"width: 287px; height: 30px;\">300\u00a0chi\u1ebfc\/th\u00f9ng<\/td>\n<\/tr>\n<tr style=\"height: 30px;\">\n<td style=\"width: 276px; height: 30px;\"><strong>6. Kh\u1ed1i l\u01b0\u1ee3ng<\/strong><\/td>\n<td style=\"width: 287px; height: 30px;\">30g\/t\u00fai<\/td>\n<\/tr>\n<\/tbody>\n<\/table>\n<p><img loading=\"lazy\" decoding=\"async\" class=\"alignnone size-medium wp-image-2215\" src=\"http:\/\/baobipps.com\/wp-content\/uploads\/2017\/03\/T\u00daI-NH\u1ef0A-PVC-\u0110\u1ef0NG-R\u01af\u1ee2U-3202-1-300x300.jpg\" alt=\"\" width=\"300\" height=\"300\" srcset=\"https:\/\/baobi.themedep.top\/wp-content\/uploads\/2017\/03\/T\u00daI-NH\u1ef0A-PVC-\u0110\u1ef0NG-R\u01af\u1ee2U-3202-1-300x300.jpg 300w, https:\/\/baobi.themedep.top\/wp-content\/uploads\/2017\/03\/T\u00daI-NH\u1ef0A-PVC-\u0110\u1ef0NG-R\u01af\u1ee2U-3202-1-100x100.jpg 100w, https:\/\/baobi.themedep.top\/wp-content\/uploads\/2017\/03\/T\u00daI-NH\u1ef0A-PVC-\u0110\u1ef0NG-R\u01af\u1ee2U-3202-1-600x600.jpg 600w, https:\/\/baobi.themedep.top\/wp-content\/uploads\/2017\/03\/T\u00daI-NH\u1ef0A-PVC-\u0110\u1ef0NG-R\u01af\u1ee2U-3202-1-200x200.jpg 200w, https:\/\/baobi.themedep.top\/wp-content\/uploads\/2017\/03\/T\u00daI-NH\u1ef0A-PVC-\u0110\u1ef0NG-R\u01af\u1ee2U-3202-1-768x768.jpg 768w, https:\/\/baobi.themedep.top\/wp-content\/uploads\/2017\/03\/T\u00daI-NH\u1ef0A-PVC-\u0110\u1ef0NG-R\u01af\u1ee2U-3202-1.jpg 1000w\" sizes=\"(max-width: 300px) 100vw, 300px\" \/> <img loading=\"lazy\" decoding=\"async\" class=\"alignnone size-medium wp-image-2216\" src=\"http:\/\/baobipps.com\/wp-content\/uploads\/2017\/03\/T\u00daI-NH\u1ef0A-PVC-\u0110\u1ef0NG-R\u01af\u1ee2U-3202-2-300x300.jpg\" alt=\"\" width=\"300\" height=\"300\" srcset=\"https:\/\/baobi.themedep.top\/wp-content\/uploads\/2017\/03\/T\u00daI-NH\u1ef0A-PVC-\u0110\u1ef0NG-R\u01af\u1ee2U-3202-2-300x300.jpg 300w, https:\/\/baobi.themedep.top\/wp-content\/uploads\/2017\/03\/T\u00daI-NH\u1ef0A-PVC-\u0110\u1ef0NG-R\u01af\u1ee2U-3202-2-100x100.jpg 100w, https:\/\/baobi.themedep.top\/wp-content\/uploads\/2017\/03\/T\u00daI-NH\u1ef0A-PVC-\u0110\u1ef0NG-R\u01af\u1ee2U-3202-2-600x600.jpg 600w, https:\/\/baobi.themedep.top\/wp-content\/uploads\/2017\/03\/T\u00daI-NH\u1ef0A-PVC-\u0110\u1ef0NG-R\u01af\u1ee2U-3202-2-200x200.jpg 200w, https:\/\/baobi.themedep.top\/wp-content\/uploads\/2017\/03\/T\u00daI-NH\u1ef0A-PVC-\u0110\u1ef0NG-R\u01af\u1ee2U-3202-2-768x768.jpg 768w, https:\/\/baobi.themedep.top\/wp-content\/uploads\/2017\/03\/T\u00daI-NH\u1ef0A-PVC-\u0110\u1ef0NG-R\u01af\u1ee2U-3202-2.jpg 1000w\" sizes=\"(max-width: 300px) 100vw, 300px\" \/><\/p>\n<p>V\u1edbi ph\u01b0\u01a1ng ch\u00e2m ho\u1ea1t \u0111\u1ed9ng <em><strong>\u201cMang l\u1ea1i gi\u1ea3i ph\u00e1p ho\u00e0n h\u1ea3o nh\u1ea5t cho qu\u00fd kh\u00e1ch h\u00e0ng\u201d<\/strong><\/em>, ch\u00fang t\u00f4i lu\u00f4n kh\u00f4ng ng\u1eebng t\u00ecm t\u00f2i, ph\u00e1t tri\u1ec3n \u0111\u1ec3 mang l\u1ea1i nh\u1eefng s\u1ea3n ph\u1ea9m ch\u1ea5t l\u01b0\u1ee3ng cao, m\u1eabu m\u00e3 \u0111\u1eb9p, \u0111a d\u1ea1ng v\u1edbi chi ph\u00ed h\u1ee3p l\u00fd cho qu\u00fd kh\u00e1ch h\u00e0ng, \u0111\u00e1p \u1ee9ng nhu c\u1ea7u ng\u00e0y m\u1ed9t kh\u1eaft khe v\u00e0 \u0111\u00f3ng g\u00f3p m\u1ed9t ph\u1ea7n nh\u1ecf cho th\u00e0nh c\u00f4ng chung c\u1ee7a kh\u00e1ch h\u00e0ng. V\u1edbi \u0111\u1ed9i ng\u0169 c\u00e1n b\u1ed9, c\u00f4ng nh\u00e2n vi\u00ean gi\u00e0u kinh nghi\u1ec7m, nhi\u1ec7t t\u00ecnh, tr\u00e1ch nhi\u1ec7m, ch\u00fang t\u00f4i t\u1ef1 tin r\u1eb1ng c\u00f3 th\u1ec3 l\u00e0m h\u00e0i l\u00f2ng nh\u1eefng kh\u00e1ch h\u00e0ng kh\u00f3 t\u00ednh nh\u1ea5t.<\/p>\n<p>&nbsp;<\/p>\n<h3><strong>\u0110\u1eb6C \u0110I\u1ec2M S\u1ea2N PH\u1ea8M:<\/strong><\/h3>\n<ul>\n<li>S\u1ea3n ph\u1ea9m \u0111\u01b0\u1ee3c s\u1ea3n xu\u1ea5t tr\u00ean d\u00e2y chuy\u1ec1n hi\u1ec7n \u0111\u1ea1i, b\u1edfi nh\u1eefng c\u00f4ng nh\u00e2n c\u00f3 tay ngh\u1ec1 cao.<\/li>\n<li>K\u1ebft c\u1ea5u b\u1ec1n, ch\u1ecbu \u0111\u01b0\u1ee3c tr\u1ecdng l\u01b0\u1ee3ng t\u1ed1i \u0111a 2kg<\/li>\n<li>Ch\u1ea5t li\u1ec7u nh\u1ef1a cao c\u1ea5p, \u0111\u1ea1t ti\u00eau chu\u1ea9n v\u00e0o c\u00e1c th\u1ecb tr\u01b0\u1eddng kh\u00f3 t\u00ednh nh\u01b0 Nh\u1eadt B\u1ea3n, Hoa K\u1ef3\u2026<\/li>\n<li>H\u1ed7 tr\u1ee3 giao h\u00e0ng trong b\u00e1n k\u00ednh 30km<\/li>\n<li>H\u00ecnh in b\u1ec1n m\u00e0u, ko phai, m\u1ef1c in ch\u1ea5t l\u01b0\u1ee3ng cao<\/li>\n<\/ul>\n<h3><strong>C\u00c1CH TH\u1ee8C MUA H\u00c0NG<\/strong><\/h3>\n<ul>\n<li><strong><em>B\u01b0\u1edbc 1: <\/em><\/strong><em>Li\u00ean h\u1ec7 v\u1edbi b\u1ed9 ph\u1eadn sale \u0111\u1ec3 l\u1ea5y b\u00e1o gi\u00e1<\/em><\/li>\n<li><strong><em>B\u01b0\u1edbc 2:\u00a0<\/em><\/strong><em>Ch\u1ed1t b\u00e1o gi\u00e1, g\u1eedi \u0111\u01a1n h\u00e0ng mua cho PPS<\/em><\/li>\n<li><strong><em>B\u01b0\u1edbc 3:\u00a0<\/em><\/strong><em>\u0110\u1eb7t c\u1ecdc theo h\u1ee3p \u0111\u1ed3ng<\/em><\/li>\n<li><strong><em>B\u01b0\u1edbc 4:\u00a0<\/em><\/strong><em>Nh\u1eadn h\u00e0ng v\u00e0 ch\u1ee9ng t\u1eeb theo l\u1ecbch h\u1eb9n<\/em><\/li>\n<li><strong><em>B\u01b0\u1edbc 5:\u00a0<\/em><\/strong><em>Thanh to\u00e1n ph\u1ea7n c\u00f2n l\u1ea1i.<\/em><\/li>\n<\/ul>\n<h3><strong>C\u00c2U H\u1eceI TH\u01af\u1edcNG G\u1eb6P:<\/strong><\/h3>\n<p><em><strong>1. S\u1ed1 l\u01b0\u1ee3ng t\u1ed1i thi\u1ec3u cho m\u1ed9t \u0111\u01a1n h\u00e0ng l\u00e0 bao nhi\u00eau?<\/strong><\/em><\/p>\n<p>5000 t\u00fai<\/p>\n<p><em><strong>2. Th\u1eddi gian s\u1ea3n xu\u1ea5t m\u1ed9t \u0111\u01a1n h\u00e0ng trong bao l\u00e2u?<\/strong><\/em><\/p>\n<p>T\u00f9y thu\u1ed9c v\u00e0o s\u1ed1 l\u01b0\u1ee3ng \u0111\u1eb7t h\u00e0ng c\u1ee7a qu\u00fd kh\u00e1ch. Th\u00f4ng th\u01b0\u1eddng, th\u1eddi gian s\u1ea3n xu\u1ea5t kho\u1ea3ng 20-30 ng\u00e0y l\u00e0m vi\u1ec7c, t\u00ednh t\u1eeb khi duy\u1ec7t m\u1eabu v\u00e0 \u0111\u1eb7t c\u1ecdc.<\/p>\n<p><em><strong>3. S\u1ea3n l\u01b0\u1ee3ng t\u1ed1i \u0111a m\u00e0 PPS c\u00f3 th\u1ec3 cung c\u1ea5p h\u00e0ng th\u00e1ng?<\/strong><\/em><\/p>\n<p>100 000 t\u00fai\/ th\u00e1ng<\/p>\n<p><em><strong>4. C\u00f3 th\u1ec3 in th\u00f4ng tin, thi\u1ebft k\u1ebf m\u1eabu m\u00e3 bao b\u00ec theo y\u00eau c\u1ea7u ri\u00eang kh\u00f4ng?<\/strong><\/em><\/p>\n<p>Ho\u00e0n to\u00e0n c\u00f3 th\u1ec3 \u0111\u01b0\u1ee3c, vui l\u00f2ng g\u1eedi l\u1ea1i th\u00f4ng tin mu\u1ed1n in, m\u1eabu thi\u1ebft k\u1ebf bao b\u00ec c\u1ee7a qu\u00fd kh\u00e1ch cho ch\u00fang t\u00f4i. Sau khi duy\u1ec7t m\u1eabu, ch\u00fang t\u00f4i s\u1ebd ti\u1ebfn h\u00e0nh s\u1ea3n xu\u1ea5t theo m\u1eabu m\u00e0 qu\u00fd kh\u00e1ch \u0111\u00e3 ch\u1ecdn .<\/p>\n<p><em><strong>5. Ph\u01b0\u01a1ng th\u1ee9c thanh to\u00e1n<\/strong><\/em><\/p>\n<p>Sau khi duy\u1ec7t m\u1eabu, k\u00fd k\u1ebft h\u1ee3p \u0111\u1ed3ng, qu\u00fd kh\u00e1ch \u0111\u1eb7t c\u1ecdc tr\u01b0\u1edbc 30% gi\u00e1 tr\u1ecb \u0111\u01a1n h\u00e0ng. Ph\u1ea7n c\u00f2n l\u1ea1i \u0111\u01b0\u1ee3c thanh to\u00e1n khi nh\u1eadn h\u00e0ng ho\u1eb7c theo th\u1ecfa thu\u1eadn gi\u1eefa 2 b\u00ean.<\/p>\n<h3><strong>Li\u00ean h\u1ec7 v\u1edbi ch\u00fang t\u00f4i: <\/strong><\/h3>\n<p>Email: <a href=\"mailto:pps@pefso.com\">pps@pefso.com<\/a><\/p>\n<p>Hotline: +844 2214 9898<\/p>\n<p>Website: <a href=\"http:\/\/www.baobipps.com\">www.baobipps.com<\/a><\/p>\n","protected":false},"excerpt":{"rendered":"<p>M\u00f4 t\u1ea3 ng\u1eafn<\/p>\n<table style=\"height: 216px; width: 542px;\">\n<tbody>\n<tr style=\"height: 29px;\">\n<td style=\"width: 161px; height: 29px;\">1.\u00a0T\u00ean s\u1ea3n ph\u1ea9m:<\/td>\n<td style=\"width: 371px; height: 29px;\">T\u00daI NH\u1ef0A PVC \u0110\u1ef0NG R\u01af\u1ee2U<\/td>\n<\/tr>\n<tr style=\"height: 29px;\">\n<td style=\"width: 161px; height: 29px;\">2.\u00a0M\u00e3 s\u1ea3n ph\u1ea9m:<\/td>\n<td style=\"width: 371px; height: 29px;\">3202<\/td>\n<\/tr>\n<tr style=\"height: 29px;\">\n<td style=\"width: 161px; height: 29px;\">3.\u00a0Nguy\u00ean li\u1ec7u:<\/td>\n<td style=\"width: 371px; height: 29px;\">nh\u1ef1a PVC<\/td>\n<\/tr>\n<tr style=\"height: 29.875px;\">\n<td style=\"width: 161px; height: 29.875px;\">4.\u00a0K\u00edch th\u01b0\u1edbc:<\/td>\n<td style=\"width: 371px; height: 29.875px;\"><\/td>\n<\/tr>\n<tr style=\"height: 30px;\">\n<td style=\"width: 161px; height: 30px;\">5.\u00a0Quy c\u00e1ch \u0111\u00f3ng g\u00f3i:<\/td>\n<td style=\"width: 371px; height: 30px;\">300\u00a0chi\u1ebfc\/th\u00f9ng<\/td>\n<\/tr>\n<tr style=\"height: 30px;\">\n<td style=\"width: 161px; height: 30px;\">6. Kh\u1ed1i l\u01b0\u1ee3ng:<\/td>\n<td style=\"width: 371px; height: 30px;\">\u00a030g\/t\u00fai<\/td>\n<\/tr>\n<\/tbody>\n<\/table>\n","protected":false},"featured_media":2215,"comment_status":"open","ping_status":"closed","template":"","meta":[],"product_cat":[151,155,149],"product_tag":[],"class_list":{"0":"post-2211","1":"product","2":"type-product","3":"status-publish","4":"has-post-thumbnail","6":"product_cat-bao-bi-thuc-pham-do-uong","7":"product_cat-san-pham","8":"product_cat-san-pham-moi","10":"first","11":"instock","12":"featured","13":"shipping-taxable","14":"product-type-simple"},"_links":{"self":[{"href":"https:\/\/baobi.themedep.top\/index.php?rest_route=\/wp\/v2\/product\/2211"}],"collection":[{"href":"https:\/\/baobi.themedep.top\/index.php?rest_route=\/wp\/v2\/product"}],"about":[{"href":"https:\/\/baobi.themedep.top\/index.php?rest_route=\/wp\/v2\/types\/product"}],"replies":[{"embeddable":true,"href":"https:\/\/baobi.themedep.top\/index.php?rest_route=%2Fwp%2Fv2%2Fcomments&post=2211"}],"wp:featuredmedia":[{"embeddable":true,"href":"https:\/\/baobi.themedep.top\/index.php?rest_route=\/wp\/v2\/media\/2215"}],"wp:attachment":[{"href":"https:\/\/baobi.themedep.top\/index.php?rest_route=%2Fwp%2Fv2%2Fmedia&parent=2211"}],"wp:term":[{"taxonomy":"product_cat","embeddable":true,"href":"https:\/\/baobi.themedep.top\/index.php?rest_route=%2Fwp%2Fv2%2Fproduct_cat&post=2211"},{"taxonomy":"product_tag","embeddable":true,"href":"https:\/\/baobi.themedep.top\/index.php?rest_route=%2Fwp%2Fv2%2Fproduct_tag&post=2211"}],"curies":[{"name":"wp","href":"https:\/\/api.w.org\/{rel}","templated":true}]}}