{"id":2,"date":"2014-09-27T02:31:22","date_gmt":"2014-09-27T02:31:22","guid":{"rendered":"http:\/\/mytien-nacha.com\/dev\/?page_id=2"},"modified":"2017-07-25T10:22:24","modified_gmt":"2017-07-25T03:22:24","slug":"gioi-thieu","status":"publish","type":"page","link":"https:\/\/baobi.themedep.top\/?page_id=2","title":{"rendered":"GI\u1edaI THI\u1ec6U"},"content":{"rendered":"<p>K\u00ednh th\u01b0a Qu\u00fd Kh\u00e1ch h\u00e0ng,<\/p>\n<p>Nh\u1eb1m \u0111\u00e1p \u1ee9ng nhu c\u1ea7u ng\u00e0y m\u1ed9t gia t\u0103ng v\u1ec1 s\u1ea3n ph\u1ea9m bao b\u00ec PVC s\u1eed d\u1ee5ng trong may m\u1eb7c, th\u1ef1c ph\u1ea9m, h\u00f3a m\u1ef9 ph\u1ea9m, qu\u00e0 t\u1eb7ng, hanger qu\u1ea3ng c\u00e1o POSM\u2026 c\u0169ng nh\u01b0 c\u00e1c y\u00eau c\u1ea7u kh\u1eaft khe h\u01a1n v\u1ec1 ch\u1ea5t l\u01b0\u1ee3ng c\u1ee7a c\u00e1c kh\u00e1ch h\u00e0ng c\u1ea3 trong v\u00e0 ngo\u00e0i n\u01b0\u1edbc, <strong><em>C\u00f4ng ty TNHH Pefso<\/em><\/strong> xin \u0111\u01b0\u1ee3c gi\u1edbi thi\u1ec7u t\u1edbi Qu\u00fd Kh\u00e1ch h\u00e0ng th\u01b0\u01a1ng hi\u1ec7u <strong><em>Bao b\u00ec PPS<\/em><\/strong>.<\/p>\n<p>V\u1edbi ph\u01b0\u01a1ng ch\u00e2m ho\u1ea1t \u0111\u1ed9ng \u201cMang l\u1ea1i gi\u1ea3i ph\u00e1p ho\u00e0n h\u1ea3o nh\u1ea5t cho qu\u00fd kh\u00e1ch h\u00e0ng\u201d, ch\u00fang t\u00f4i lu\u00f4n kh\u00f4ng ng\u1eebng t\u00ecm t\u00f2i, ph\u00e1t tri\u1ec3n \u0111\u1ec3 mang l\u1ea1i nh\u1eefng s\u1ea3n ph\u1ea9m t\u1ed1t nh\u1ea5t t\u1edbi tay ng\u01b0\u1eddi ti\u00eau d\u00f9ng v\u00e0 \u0111\u00f3ng g\u00f3p m\u1ed9t ph\u1ea7n nh\u1ecf cho th\u00e0nh c\u00f4ng chung c\u1ee7a kh\u00e1ch h\u00e0ng. V\u1edbi \u0111\u1ed9i ng\u0169 c\u00e1n b\u1ed9, c\u00f4ng nh\u00e2n vi\u00ean gi\u00e0u kinh nghi\u1ec7m, nhi\u1ec7t t\u00ecnh, s\u00e1ng t\u1ea1o, tr\u00e1ch nhi\u1ec7m c\u00f9ng v\u1edbi c\u00e1c s\u1ea3n ph\u1ea9m c\u00f3 m\u1eabu m\u00e3 \u0111\u1eb9p, nguy\u00ean li\u1ec7u ch\u1ea5t l\u01b0\u1ee3ng, k\u1ef9 thu\u1eadt s\u1ea3n xu\u1ea5t cao ch\u00fang t\u00f4i t\u1ef1 tin r\u1eb1ng c\u00f3 th\u1ec3 l\u00e0m h\u00e0i l\u00f2ng nh\u1eefng kh\u00e1ch h\u00e0ng kh\u00f3 t\u00ednh nh\u1ea5t.<\/p>\n<p>Bao b\u00ec PPS cam k\u1ebft:<\/p>\n<ul>\n<li>&#8211; S\u1eb5n s\u00e0ng h\u1ed7 tr\u1ee3 t\u01b0 v\u1ea5n, tri\u1ec3n khai m\u1eabu ph\u00f9 h\u1ee3p v\u1edbi nhu c\u1ea7u kh\u00e1ch h\u00e0ng.<\/li>\n<li>&#8211; Lu\u00f4n cung c\u1ea5p c\u00e1c s\u1ea3n ph\u1ea9m mang t\u00ednh th\u1ea9m m\u1ef9, an to\u00e0n theo chu\u1ea9n th\u1ecb tr\u01b0\u1eddng EU, M\u1ef9, Nh\u1eadt B\u1ea3n\u2026<\/li>\n<li>&#8211; S\u1eb5n s\u00e0ng th\u1ef1c hi\u1ec7n \u0111\u01a1n h\u00e0ng trong th\u1eddi gian nhanh nh\u1ea5t v\u1edbi chi ph\u00ed h\u1ee3p l\u00fd nh\u1ea5t v\u00e0 ph\u01b0\u01a1ng th\u1ee9c thanh to\u00e1n linh \u0111\u1ed9ng.<\/li>\n<li>&#8211; Tuy\u1ec7t \u0111\u1ed1i b\u1ea3o m\u1eadt th\u00f4ng tin c\u1ee7a kh\u00e1ch h\u00e0ng.<\/li>\n<\/ul>\n<p>Xin tr\u00e2n tr\u1ecdng c\u1ea3m \u01a1n v\u00e0 mong nh\u1eadn \u0111\u01b0\u1ee3c s\u1ef1 h\u1ee3p t\u00e1c c\u1ee7a Qu\u00fd kh\u00e1ch h\u00e0ng.<\/p>\n<p>Tr\u00e2n tr\u1ecdng.<\/p>\n<p><iframe loading=\"lazy\" title=\"BAO B\u00cc PPS - T\u00daI NH\u1ef0A PVC\" width=\"1020\" height=\"574\" src=\"https:\/\/www.youtube.com\/embed\/SF80YbGmB9Y?start=19&#038;feature=oembed\" frameborder=\"0\" allow=\"accelerometer; autoplay; clipboard-write; encrypted-media; gyroscope; picture-in-picture\" allowfullscreen><\/iframe><\/p>\n","protected":false},"excerpt":{"rendered":"<p>K\u00ednh th\u01b0a Qu\u00fd Kh\u00e1ch h\u00e0ng, Nh\u1eb1m \u0111\u00e1p \u1ee9ng nhu c\u1ea7u ng\u00e0y m\u1ed9t gia t\u0103ng v\u1ec1 s\u1ea3n ph\u1ea9m bao b\u00ec PVC s\u1eed d\u1ee5ng trong may m\u1eb7c, th\u1ef1c ph\u1ea9m, h\u00f3a m\u1ef9 ph\u1ea9m, qu\u00e0 t\u1eb7ng, hanger qu\u1ea3ng c\u00e1o POSM\u2026 c\u0169ng nh\u01b0 c\u00e1c y\u00eau c\u1ea7u kh\u1eaft khe h\u01a1n v\u1ec1 ch\u1ea5t l\u01b0\u1ee3ng c\u1ee7a c\u00e1c kh\u00e1ch h\u00e0ng c\u1ea3 trong v\u00e0 ngo\u00e0i [&#8230;]\n","protected":false},"author":1,"featured_media":2090,"parent":0,"menu_order":0,"comment_status":"open","ping_status":"open","template":"","meta":{"footnotes":""},"class_list":["post-2","page","type-page","status-publish","has-post-thumbnail","hentry"],"_links":{"self":[{"href":"https:\/\/baobi.themedep.top\/index.php?rest_route=\/wp\/v2\/pages\/2"}],"collection":[{"href":"https:\/\/baobi.themedep.top\/index.php?rest_route=\/wp\/v2\/pages"}],"about":[{"href":"https:\/\/baobi.themedep.top\/index.php?rest_route=\/wp\/v2\/types\/page"}],"author":[{"embeddable":true,"href":"https:\/\/baobi.themedep.top\/index.php?rest_route=\/wp\/v2\/users\/1"}],"replies":[{"embeddable":true,"href":"https:\/\/baobi.themedep.top\/index.php?rest_route=%2Fwp%2Fv2%2Fcomments&post=2"}],"version-history":[{"count":0,"href":"https:\/\/baobi.themedep.top\/index.php?rest_route=\/wp\/v2\/pages\/2\/revisions"}],"wp:featuredmedia":[{"embeddable":true,"href":"https:\/\/baobi.themedep.top\/index.php?rest_route=\/wp\/v2\/media\/2090"}],"wp:attachment":[{"href":"https:\/\/baobi.themedep.top\/index.php?rest_route=%2Fwp%2Fv2%2Fmedia&parent=2"}],"curies":[{"name":"wp","href":"https:\/\/api.w.org\/{rel}","templated":true}]}}